{"id":1928,"date":"2023-07-14T06:04:09","date_gmt":"2023-07-14T06:04:09","guid":{"rendered":"https:\/\/talaverayartesanias.com\/?page_id=1928"},"modified":"2024-01-08T12:20:47","modified_gmt":"2024-01-08T18:20:47","slug":"politica-de-envio","status":"publish","type":"page","link":"https:\/\/talaverayartesanias.com\/index.php\/politica-de-envio\/","title":{"rendered":"POL\u00cdTICA DE ENV\u00cdO"},"content":{"rendered":"\t\t<div data-elementor-type=\"wp-page\" data-elementor-id=\"1928\" class=\"elementor elementor-1928\">\n\t\t\t\t\t\t<section class=\"elementor-section elementor-top-section elementor-element elementor-element-4471dcce elementor-section-boxed elementor-section-height-default elementor-section-height-default\" data-id=\"4471dcce\" data-element_type=\"section\" data-e-type=\"section\">\n\t\t\t\t\t\t<div class=\"elementor-container elementor-column-gap-default\">\n\t\t\t\t\t<div class=\"elementor-column elementor-col-100 elementor-top-column elementor-element elementor-element-1ea128b8\" data-id=\"1ea128b8\" data-element_type=\"column\" data-e-type=\"column\">\n\t\t\t<div class=\"elementor-widget-wrap elementor-element-populated\">\n\t\t\t\t\t\t<div class=\"elementor-element elementor-element-10adac5b elementor-widget elementor-widget-text-editor\" data-id=\"10adac5b\" data-element_type=\"widget\" data-e-type=\"widget\" data-widget_type=\"text-editor.default\">\n\t\t\t\t<div class=\"elementor-widget-container\">\n\t\t\t\t\t\t\t\t\t<p>En <strong><em>Talavera y Artesan\u00edas By Talavera Salazar<\/em><\/strong> (\u00abnosotros\u00bb, \u00abnuestro\u00bb, \u00abnosotros\u00bb), nos esforzamos por brindarle un excelente servicio al cliente, incluido el env\u00edo oportuno y confiable de los pedidos realizados a trav\u00e9s de nuestra tienda en l\u00ednea de Talavera (\u00abSitio web\u00bb). Esta pol\u00edtica de env\u00edo establece las pautas y t\u00e9rminos relacionados con el env\u00edo de pedidos.<\/p><h4><strong>Plazos de env\u00edo<\/strong><\/h4><p>Hacemos todo lo posible para procesar y enviar los pedidos pasando despu\u00e9s del lapso de <strong><em>35 d\u00edas<\/em><\/strong> h\u00e1biles a partir de la fecha de confirmaci\u00f3n del pedido en <strong>TALAVERA<\/strong>. Tenga en cuenta que en temporadas de alta demanda como d\u00edas festivos los plazos de env\u00edo pueden verse afectados por factores fuera de nuestro control, retrasos del transportista o circunstancias imprevistas. Nos esforzaremos por mantenerlo informado sobre cualquier retraso en la entrega y le proporcionaremos la informaci\u00f3n de seguimiento correspondiente, si est\u00e1 disponible.<\/p><h4><strong>Destinos de env\u00edo<\/strong><\/h4><p>Actualmente, ofrecemos env\u00edo a direcciones dentro de M\u00e9xico y USA a trav\u00e9s de nuestros servicios de env\u00edo asociados. Si su pa\u00eds o regi\u00f3n no est\u00e1 incluido en esta lista, lamentablemente no podremos enviarle el pedido en este momento. Le recomendamos que consulte nuestra secci\u00f3n de env\u00edo antes de realizar su pedido para verificar si ofrecemos env\u00edo a su ubicaci\u00f3n.<\/p><h4><strong>Tarifas de env\u00edo<\/strong><\/h4><p>Las tarifas de env\u00edo se calculan seg\u00fan el peso del paquete, la ubicaci\u00f3n de entrega y el m\u00e9todo de env\u00edo seleccionado durante el proceso de pago. Estas tarifas se mostrar\u00e1n claramente antes de que confirme su pedido. Tenga en cuenta que pueden aplicarse impuestos o aranceles adicionales seg\u00fan las regulaciones aduaneras locales, y ser\u00e1 responsabilidad del destinatario cubrir estos cargos.<\/p><h4><strong>Empaque seguro<\/strong><\/h4><p>Nos esforzamos por garantizar que los productos se empaquen de manera segura y adecuada para su env\u00edo. Utilizamos materiales de embalaje de calidad para proteger los productos de posibles da\u00f1os durante el transporte. Sin embargo si recibes un paquete da\u00f1ado s\u00f3lo tienes 24 HRS para alguna aclaraci\u00f3n, realizando un v\u00eddeo sin interrupciones de tu paquete para brindarte una soluci\u00f3n, una vez pasado el lapso de tiempo, NO nos hacemos responsables.\u00a0<\/p><h4><strong>Seguimiento de env\u00edos<\/strong><\/h4><p>Proporcionaremos un n\u00famero de seguimiento para que pueda rastrear su paquete una vez que haya sido enviado. Le recomendamos que realice un seguimiento regular de su env\u00edo y est\u00e9 disponible en la direcci\u00f3n de entrega proporcionada durante el horario estimado de entrega. Si tiene alguna pregunta o necesita asistencia adicional con respecto al seguimiento de su paquete, no dude en ponerse en contacto con nuestro equipo de atenci\u00f3n al cliente.<\/p><h4><strong>Cambios de direcci\u00f3n de env\u00edo<\/strong><\/h4><p>Si necesita realizar cambios en la direcci\u00f3n de env\u00edo despu\u00e9s de realizar su pedido, le recomendamos que se comunique con nosotros lo antes posible. Haremos todo lo posible para actualizar la informaci\u00f3n de env\u00edo, siempre que el paquete a\u00fan no haya sido enviado. Sin embargo, tenga en cuenta que no podemos garantizar cambios de direcci\u00f3n una vez que el paquete haya sido entregado al transportista.<\/p><p>Si tiene alguna pregunta o inquietud sobre nuestra pol\u00edtica de env\u00edo de pedidos, no dude en ponerse en contacto con nosotros a trav\u00e9s de los datos de contacto proporcionados en nuestro Sitio web.<\/p><p>Gracias por elegir <strong><em>Talavera y Artesan\u00edas By Talavera Salazar.<\/em><\/strong> Nos esforzamos por brindarle una experiencia de compra satisfactoria y un env\u00edo confiable y oportuno de sus pedidos.<\/p>\t\t\t\t\t\t\t\t<\/div>\n\t\t\t\t<\/div>\n\t\t\t\t\t<\/div>\n\t\t<\/div>\n\t\t\t\t\t<\/div>\n\t\t<\/section>\n\t\t\t\t<\/div>\n\t\t","protected":false},"excerpt":{"rendered":"<p>En Talavera y Artesan\u00edas By Talavera Salazar (\u00abnosotros\u00bb, \u00abnuestro\u00bb, \u00abnosotros\u00bb), nos esforzamos por brindarle un excelente servicio al cliente, incluido el env\u00edo oportuno y confiable de los pedidos realizados a trav\u00e9s de nuestra tienda en l\u00ednea de Talavera (\u00abSitio web\u00bb). Esta pol\u00edtica de env\u00edo establece las pautas y t\u00e9rminos relacionados con el env\u00edo de pedidos. [&hellip;]<\/p>\n","protected":false},"author":1,"featured_media":0,"parent":0,"menu_order":0,"comment_status":"closed","ping_status":"open","template":"","meta":{"site-sidebar-layout":"default","site-content-layout":"","ast-site-content-layout":"default","site-content-style":"default","site-sidebar-style":"default","ast-global-header-display":"","ast-banner-title-visibility":"","ast-main-header-display":"","ast-hfb-above-header-display":"","ast-hfb-below-header-display":"","ast-hfb-mobile-header-display":"","site-post-title":"","ast-breadcrumbs-content":"","ast-featured-img":"","footer-sml-layout":"","theme-transparent-header-meta":"","adv-header-id-meta":"","stick-header-meta":"","header-above-stick-meta":"","header-main-stick-meta":"","header-below-stick-meta":"","astra-migrate-meta-layouts":"default","ast-page-background-enabled":"default","ast-page-background-meta":{"desktop":{"background-color":"var(--ast-global-color-4)","background-image":"","background-repeat":"repeat","background-position":"center center","background-size":"auto","background-attachment":"scroll","background-type":"","background-media":"","overlay-type":"","overlay-color":"","overlay-opacity":"","overlay-gradient":""},"tablet":{"background-color":"","background-image":"","background-repeat":"repeat","background-position":"center center","background-size":"auto","background-attachment":"scroll","background-type":"","background-media":"","overlay-type":"","overlay-color":"","overlay-opacity":"","overlay-gradient":""},"mobile":{"background-color":"","background-image":"","background-repeat":"repeat","background-position":"center center","background-size":"auto","background-attachment":"scroll","background-type":"","background-media":"","overlay-type":"","overlay-color":"","overlay-opacity":"","overlay-gradient":""}},"ast-content-background-meta":{"desktop":{"background-color":"var(--ast-global-color-5)","background-image":"","background-repeat":"repeat","background-position":"center center","background-size":"auto","background-attachment":"scroll","background-type":"","background-media":"","overlay-type":"","overlay-color":"","overlay-opacity":"","overlay-gradient":""},"tablet":{"background-color":"var(--ast-global-color-5)","background-image":"","background-repeat":"repeat","background-position":"center center","background-size":"auto","background-attachment":"scroll","background-type":"","background-media":"","overlay-type":"","overlay-color":"","overlay-opacity":"","overlay-gradient":""},"mobile":{"background-color":"var(--ast-global-color-5)","background-image":"","background-repeat":"repeat","background-position":"center center","background-size":"auto","background-attachment":"scroll","background-type":"","background-media":"","overlay-type":"","overlay-color":"","overlay-opacity":"","overlay-gradient":""}},"_joinchat":[],"footnotes":""},"class_list":["post-1928","page","type-page","status-publish","hentry"],"jetpack_sharing_enabled":true,"_links":{"self":[{"href":"https:\/\/talaverayartesanias.com\/index.php\/wp-json\/wp\/v2\/pages\/1928","targetHints":{"allow":["GET"]}}],"collection":[{"href":"https:\/\/talaverayartesanias.com\/index.php\/wp-json\/wp\/v2\/pages"}],"about":[{"href":"https:\/\/talaverayartesanias.com\/index.php\/wp-json\/wp\/v2\/types\/page"}],"author":[{"embeddable":true,"href":"https:\/\/talaverayartesanias.com\/index.php\/wp-json\/wp\/v2\/users\/1"}],"replies":[{"embeddable":true,"href":"https:\/\/talaverayartesanias.com\/index.php\/wp-json\/wp\/v2\/comments?post=1928"}],"version-history":[{"count":0,"href":"https:\/\/talaverayartesanias.com\/index.php\/wp-json\/wp\/v2\/pages\/1928\/revisions"}],"wp:attachment":[{"href":"https:\/\/talaverayartesanias.com\/index.php\/wp-json\/wp\/v2\/media?parent=1928"}],"curies":[{"name":"wp","href":"https:\/\/api.w.org\/{rel}","templated":true}]}}