{"id":11212,"date":"2025-10-22T13:53:04","date_gmt":"2025-10-22T19:53:04","guid":{"rendered":"https:\/\/talaverayartesanias.com\/?post_type=product&#038;p=11212"},"modified":"2025-10-22T13:53:04","modified_gmt":"2025-10-22T19:53:04","slug":"diadema-orejas-4","status":"publish","type":"product","link":"https:\/\/talaverayartesanias.com\/index.php\/producto\/diadema-orejas-4\/","title":{"rendered":"Diadema Orejas"},"content":{"rendered":"<p>En nuestra tienda, creamos diademas artesanales \u00fanicas con un toque de magia, color y tradici\u00f3n. Cada pieza es hecha a mano con atenci\u00f3n al detalle, combinando elementos ic\u00f3nicos como las orejas estilo \u201cMinnie\u201d con dise\u00f1os y telas tradicionales que celebran la riqueza de nuestras ra\u00edces.<\/p>\n<p>Est\u00e1 inspirada en motivos latinoamericanos, utilizando colores vibrantes como el rosado, p\u00farpura, rojo y verde, etc; y una estructura de tela que recuerda a un patr\u00f3n de ladrillos color mostaza. El mo\u00f1o central est\u00e1 confeccionado con una mezcla de textiles artesanales que evocan la textura y colorido de la ropa t\u00edpica de diversas regiones del continente.<\/p>\n<p>Diademas c\u00f3modas y ligeras para usar durante todo el d\u00eda.<\/p>\n<p>Perfectas para parques tem\u00e1ticos, sesiones de fotos, regalos o eventos especiales.<\/p>\n","protected":false},"excerpt":{"rendered":"<p>Hechas a mano con materiales de alta calidad.<\/p>\n<p>Dise\u00f1os exclusivos inspirados en la cultura y el folklore.<\/p>\n<p>Medidas:<\/p>\n<p>Largo 25 cm<\/p>\n<p>Ancho 13 cm<\/p>\n<p>Alto 29 cm<\/p>\n","protected":false},"featured_media":11214,"comment_status":"open","ping_status":"closed","template":"","meta":{"site-sidebar-layout":"default","site-content-layout":"","ast-site-content-layout":"default","site-content-style":"default","site-sidebar-style":"default","ast-global-header-display":"","ast-banner-title-visibility":"","ast-main-header-display":"","ast-hfb-above-header-display":"","ast-hfb-below-header-display":"","ast-hfb-mobile-header-display":"","site-post-title":"","ast-breadcrumbs-content":"","ast-featured-img":"","footer-sml-layout":"","theme-transparent-header-meta":"default","adv-header-id-meta":"","stick-header-meta":"","header-above-stick-meta":"","header-main-stick-meta":"","header-below-stick-meta":"","astra-migrate-meta-layouts":"set","ast-page-background-enabled":"default","ast-page-background-meta":{"desktop":{"background-color":"var(--ast-global-color-4)","background-image":"","background-repeat":"repeat","background-position":"center center","background-size":"auto","background-attachment":"scroll","background-type":"","background-media":"","overlay-type":"","overlay-color":"","overlay-opacity":"","overlay-gradient":""},"tablet":{"background-color":"","background-image":"","background-repeat":"repeat","background-position":"center center","background-size":"auto","background-attachment":"scroll","background-type":"","background-media":"","overlay-type":"","overlay-color":"","overlay-opacity":"","overlay-gradient":""},"mobile":{"background-color":"","background-image":"","background-repeat":"repeat","background-position":"center center","background-size":"auto","background-attachment":"scroll","background-type":"","background-media":"","overlay-type":"","overlay-color":"","overlay-opacity":"","overlay-gradient":""}},"ast-content-background-meta":{"desktop":{"background-color":"var(--ast-global-color-5)","background-image":"","background-repeat":"repeat","background-position":"center center","background-size":"auto","background-attachment":"scroll","background-type":"","background-media":"","overlay-type":"","overlay-color":"","overlay-opacity":"","overlay-gradient":""},"tablet":{"background-color":"var(--ast-global-color-5)","background-image":"","background-repeat":"repeat","background-position":"center center","background-size":"auto","background-attachment":"scroll","background-type":"","background-media":"","overlay-type":"","overlay-color":"","overlay-opacity":"","overlay-gradient":""},"mobile":{"background-color":"var(--ast-global-color-5)","background-image":"","background-repeat":"repeat","background-position":"center center","background-size":"auto","background-attachment":"scroll","background-type":"","background-media":"","overlay-type":"","overlay-color":"","overlay-opacity":"","overlay-gradient":""}},"_joinchat":[]},"product_brand":[],"product_cat":[127],"product_tag":[],"class_list":{"0":"post-11212","1":"product","2":"type-product","3":"status-publish","4":"has-post-thumbnail","6":"product_cat-diadema-orejas","7":"desktop-align-left","8":"tablet-align-left","9":"mobile-align-left","11":"first","12":"instock","13":"shipping-taxable","14":"purchasable","15":"product-type-simple"},"jetpack_sharing_enabled":true,"_links":{"self":[{"href":"https:\/\/talaverayartesanias.com\/index.php\/wp-json\/wp\/v2\/product\/11212","targetHints":{"allow":["GET"]}}],"collection":[{"href":"https:\/\/talaverayartesanias.com\/index.php\/wp-json\/wp\/v2\/product"}],"about":[{"href":"https:\/\/talaverayartesanias.com\/index.php\/wp-json\/wp\/v2\/types\/product"}],"replies":[{"embeddable":true,"href":"https:\/\/talaverayartesanias.com\/index.php\/wp-json\/wp\/v2\/comments?post=11212"}],"version-history":[{"count":1,"href":"https:\/\/talaverayartesanias.com\/index.php\/wp-json\/wp\/v2\/product\/11212\/revisions"}],"predecessor-version":[{"id":11215,"href":"https:\/\/talaverayartesanias.com\/index.php\/wp-json\/wp\/v2\/product\/11212\/revisions\/11215"}],"wp:featuredmedia":[{"embeddable":true,"href":"https:\/\/talaverayartesanias.com\/index.php\/wp-json\/wp\/v2\/media\/11214"}],"wp:attachment":[{"href":"https:\/\/talaverayartesanias.com\/index.php\/wp-json\/wp\/v2\/media?parent=11212"}],"wp:term":[{"taxonomy":"product_brand","embeddable":true,"href":"https:\/\/talaverayartesanias.com\/index.php\/wp-json\/wp\/v2\/product_brand?post=11212"},{"taxonomy":"product_cat","embeddable":true,"href":"https:\/\/talaverayartesanias.com\/index.php\/wp-json\/wp\/v2\/product_cat?post=11212"},{"taxonomy":"product_tag","embeddable":true,"href":"https:\/\/talaverayartesanias.com\/index.php\/wp-json\/wp\/v2\/product_tag?post=11212"}],"curies":[{"name":"wp","href":"https:\/\/api.w.org\/{rel}","templated":true}]}}