{"id":13522,"date":"2026-02-03T23:08:48","date_gmt":"2026-02-04T05:08:48","guid":{"rendered":"https:\/\/talaverayartesanias.com\/?post_type=product&#038;p=13522"},"modified":"2026-02-03T23:08:49","modified_gmt":"2026-02-04T05:08:49","slug":"tazon-hondo-17-cm","status":"publish","type":"product","link":"https:\/\/talaverayartesanias.com\/index.php\/producto\/tazon-hondo-17-cm\/","title":{"rendered":"Tazon Hondo 17 CM"},"content":{"rendered":"<p>100 % Hecho a Mano<\/p>\n","protected":false},"excerpt":{"rendered":"<p>Taz\u00f3n Hondo. Caldo, Sopa, Menudo.<\/p>\n<p>Se puede elaborar en forma \u00a0Redondo.<\/p>\n<div class=\"woocommerce-product-details__short-description\">\n<p>Medidas: 17.5 CM de Di\u00e1metro. 5.5 CM de Alto. Capacidad 430 ML<\/p>\n<p>Se usa generalmete como Taz\u00f3n para Caldos, Consome, Menudo<\/p>\n<p>Selecciona el numero de tazones que requieras para formar tu vajilla.<\/p>\n<p>Ejemplo: Si requieres 6 Tazon Hondo, selecciona 6 veces el Taz\u00f3n Hondo. As\u00ed podr\u00e1s concretar tu orden.<\/p>\n<\/div>\n","protected":false},"featured_media":13523,"comment_status":"open","ping_status":"closed","template":"","meta":{"site-sidebar-layout":"default","site-content-layout":"","ast-site-content-layout":"default","site-content-style":"default","site-sidebar-style":"default","ast-global-header-display":"","ast-banner-title-visibility":"","ast-main-header-display":"","ast-hfb-above-header-display":"","ast-hfb-below-header-display":"","ast-hfb-mobile-header-display":"","site-post-title":"","ast-breadcrumbs-content":"","ast-featured-img":"","footer-sml-layout":"","theme-transparent-header-meta":"default","adv-header-id-meta":"","stick-header-meta":"","header-above-stick-meta":"","header-main-stick-meta":"","header-below-stick-meta":"","astra-migrate-meta-layouts":"set","ast-page-background-enabled":"default","ast-page-background-meta":{"desktop":{"background-color":"var(--ast-global-color-4)","background-image":"","background-repeat":"repeat","background-position":"center center","background-size":"auto","background-attachment":"scroll","background-type":"","background-media":"","overlay-type":"","overlay-color":"","overlay-opacity":"","overlay-gradient":""},"tablet":{"background-color":"","background-image":"","background-repeat":"repeat","background-position":"center center","background-size":"auto","background-attachment":"scroll","background-type":"","background-media":"","overlay-type":"","overlay-color":"","overlay-opacity":"","overlay-gradient":""},"mobile":{"background-color":"","background-image":"","background-repeat":"repeat","background-position":"center center","background-size":"auto","background-attachment":"scroll","background-type":"","background-media":"","overlay-type":"","overlay-color":"","overlay-opacity":"","overlay-gradient":""}},"ast-content-background-meta":{"desktop":{"background-color":"var(--ast-global-color-5)","background-image":"","background-repeat":"repeat","background-position":"center center","background-size":"auto","background-attachment":"scroll","background-type":"","background-media":"","overlay-type":"","overlay-color":"","overlay-opacity":"","overlay-gradient":""},"tablet":{"background-color":"var(--ast-global-color-5)","background-image":"","background-repeat":"repeat","background-position":"center center","background-size":"auto","background-attachment":"scroll","background-type":"","background-media":"","overlay-type":"","overlay-color":"","overlay-opacity":"","overlay-gradient":""},"mobile":{"background-color":"var(--ast-global-color-5)","background-image":"","background-repeat":"repeat","background-position":"center center","background-size":"auto","background-attachment":"scroll","background-type":"","background-media":"","overlay-type":"","overlay-color":"","overlay-opacity":"","overlay-gradient":""}},"_joinchat":[]},"product_brand":[],"product_cat":[144],"product_tag":[],"class_list":{"0":"post-13522","1":"product","2":"type-product","3":"status-publish","4":"has-post-thumbnail","6":"product_cat-arma-tu-vajilla","7":"desktop-align-left","8":"tablet-align-left","9":"mobile-align-left","11":"first","12":"instock","13":"shipping-taxable","14":"purchasable","15":"product-type-simple"},"jetpack_sharing_enabled":true,"_links":{"self":[{"href":"https:\/\/talaverayartesanias.com\/index.php\/wp-json\/wp\/v2\/product\/13522","targetHints":{"allow":["GET"]}}],"collection":[{"href":"https:\/\/talaverayartesanias.com\/index.php\/wp-json\/wp\/v2\/product"}],"about":[{"href":"https:\/\/talaverayartesanias.com\/index.php\/wp-json\/wp\/v2\/types\/product"}],"replies":[{"embeddable":true,"href":"https:\/\/talaverayartesanias.com\/index.php\/wp-json\/wp\/v2\/comments?post=13522"}],"version-history":[{"count":1,"href":"https:\/\/talaverayartesanias.com\/index.php\/wp-json\/wp\/v2\/product\/13522\/revisions"}],"predecessor-version":[{"id":13524,"href":"https:\/\/talaverayartesanias.com\/index.php\/wp-json\/wp\/v2\/product\/13522\/revisions\/13524"}],"wp:featuredmedia":[{"embeddable":true,"href":"https:\/\/talaverayartesanias.com\/index.php\/wp-json\/wp\/v2\/media\/13523"}],"wp:attachment":[{"href":"https:\/\/talaverayartesanias.com\/index.php\/wp-json\/wp\/v2\/media?parent=13522"}],"wp:term":[{"taxonomy":"product_brand","embeddable":true,"href":"https:\/\/talaverayartesanias.com\/index.php\/wp-json\/wp\/v2\/product_brand?post=13522"},{"taxonomy":"product_cat","embeddable":true,"href":"https:\/\/talaverayartesanias.com\/index.php\/wp-json\/wp\/v2\/product_cat?post=13522"},{"taxonomy":"product_tag","embeddable":true,"href":"https:\/\/talaverayartesanias.com\/index.php\/wp-json\/wp\/v2\/product_tag?post=13522"}],"curies":[{"name":"wp","href":"https:\/\/api.w.org\/{rel}","templated":true}]}}