{"id":3672,"date":"2024-01-07T22:33:46","date_gmt":"2024-01-08T04:33:46","guid":{"rendered":"https:\/\/talaverayartesanias.com\/?post_type=product&#038;p=3672"},"modified":"2025-04-18T12:31:00","modified_gmt":"2025-04-18T18:31:00","slug":"corazon-de-madera-con-hojalata-negro-dorado-forma-flores-milagros-014","status":"publish","type":"product","link":"https:\/\/talaverayartesanias.com\/index.php\/producto\/corazon-de-madera-con-hojalata-negro-dorado-forma-flores-milagros-014\/","title":{"rendered":"Corazon De Madera Con Hojalata Negro\/Dorado Forma Flores \u2013 Milagros 014"},"content":{"rendered":"<p>Los corazones tallados a mano en Madera de Copal, son una artesan\u00eda t\u00edpica de San Miguel De Allende, Guanajuato, que tiene su origen en la \u00e9poca colonial. Comunmente llamados \u00abmilagros\u00bb, cuya iconograf\u00eda que consiste en un coraz\u00f3n, en principio sangrante, que puede ser representado con muchos motivos de ornato y colores que lo enriquecen.<\/p>\n<p>Cuando un milagro sucede, normalmente los fieles agradecen montando una medalla de bronce en iglesias, templos o santuarios. Estas medallas son muy particulares, de dise\u00f1os incre\u00edbles y depende del origen del milagro cumplido, el tipo de medalla con el que se debe agradecer.<\/p>\n","protected":false},"excerpt":{"rendered":"<p>Corazon de Madera Tallado A Mano 013<\/p>\n<p>Flores En Material De Hojalata<\/p>\n<p>Articulo Decorativo Para Pared<\/p>\n<p>\u201cMilagritos\u201d<\/p>\n<p>Medidas:<\/p>\n<p>Alto 23 Centimetros \u2013 9.05 Pulgadas<\/p>\n<p>Largo 19 Centimetros \u2013 7.48 Pulgadas<\/p>\n<p>Ancho 7 Centimetros \u2013 2.75 Pulgadas<\/p>\n<p>Unica Pieza<\/p>\n<p>Pintado Y Elaborado A Mano<\/p>\n","protected":false},"featured_media":3673,"comment_status":"open","ping_status":"closed","template":"","meta":{"site-sidebar-layout":"default","site-content-layout":"default","ast-site-content-layout":"default","site-content-style":"default","site-sidebar-style":"default","ast-global-header-display":"","ast-banner-title-visibility":"","ast-main-header-display":"","ast-hfb-above-header-display":"","ast-hfb-below-header-display":"","ast-hfb-mobile-header-display":"","site-post-title":"","ast-breadcrumbs-content":"","ast-featured-img":"","footer-sml-layout":"","theme-transparent-header-meta":"default","adv-header-id-meta":"","stick-header-meta":"","header-above-stick-meta":"","header-main-stick-meta":"","header-below-stick-meta":"","astra-migrate-meta-layouts":"default","ast-page-background-enabled":"default","ast-page-background-meta":{"desktop":{"background-color":"var(--ast-global-color-4)","background-image":"","background-repeat":"repeat","background-position":"center center","background-size":"auto","background-attachment":"scroll","background-type":"","background-media":"","overlay-type":"","overlay-color":"","overlay-opacity":"","overlay-gradient":""},"tablet":{"background-color":"","background-image":"","background-repeat":"repeat","background-position":"center center","background-size":"auto","background-attachment":"scroll","background-type":"","background-media":"","overlay-type":"","overlay-color":"","overlay-opacity":"","overlay-gradient":""},"mobile":{"background-color":"","background-image":"","background-repeat":"repeat","background-position":"center center","background-size":"auto","background-attachment":"scroll","background-type":"","background-media":"","overlay-type":"","overlay-color":"","overlay-opacity":"","overlay-gradient":""}},"ast-content-background-meta":{"desktop":{"background-color":"var(--ast-global-color-5)","background-image":"","background-repeat":"repeat","background-position":"center center","background-size":"auto","background-attachment":"scroll","background-type":"","background-media":"","overlay-type":"","overlay-color":"","overlay-opacity":"","overlay-gradient":""},"tablet":{"background-color":"var(--ast-global-color-5)","background-image":"","background-repeat":"repeat","background-position":"center center","background-size":"auto","background-attachment":"scroll","background-type":"","background-media":"","overlay-type":"","overlay-color":"","overlay-opacity":"","overlay-gradient":""},"mobile":{"background-color":"var(--ast-global-color-5)","background-image":"","background-repeat":"repeat","background-position":"center center","background-size":"auto","background-attachment":"scroll","background-type":"","background-media":"","overlay-type":"","overlay-color":"","overlay-opacity":"","overlay-gradient":""}},"_joinchat":[]},"product_brand":[],"product_cat":[82],"product_tag":[],"class_list":{"0":"post-3672","1":"product","2":"type-product","3":"status-publish","4":"has-post-thumbnail","6":"product_cat-corazones-milagritos","7":"desktop-align-left","8":"tablet-align-left","9":"mobile-align-left","11":"first","12":"outofstock","13":"sale","14":"shipping-taxable","15":"purchasable","16":"product-type-simple"},"jetpack_sharing_enabled":true,"_links":{"self":[{"href":"https:\/\/talaverayartesanias.com\/index.php\/wp-json\/wp\/v2\/product\/3672","targetHints":{"allow":["GET"]}}],"collection":[{"href":"https:\/\/talaverayartesanias.com\/index.php\/wp-json\/wp\/v2\/product"}],"about":[{"href":"https:\/\/talaverayartesanias.com\/index.php\/wp-json\/wp\/v2\/types\/product"}],"replies":[{"embeddable":true,"href":"https:\/\/talaverayartesanias.com\/index.php\/wp-json\/wp\/v2\/comments?post=3672"}],"version-history":[{"count":0,"href":"https:\/\/talaverayartesanias.com\/index.php\/wp-json\/wp\/v2\/product\/3672\/revisions"}],"wp:featuredmedia":[{"embeddable":true,"href":"https:\/\/talaverayartesanias.com\/index.php\/wp-json\/wp\/v2\/media\/3673"}],"wp:attachment":[{"href":"https:\/\/talaverayartesanias.com\/index.php\/wp-json\/wp\/v2\/media?parent=3672"}],"wp:term":[{"taxonomy":"product_brand","embeddable":true,"href":"https:\/\/talaverayartesanias.com\/index.php\/wp-json\/wp\/v2\/product_brand?post=3672"},{"taxonomy":"product_cat","embeddable":true,"href":"https:\/\/talaverayartesanias.com\/index.php\/wp-json\/wp\/v2\/product_cat?post=3672"},{"taxonomy":"product_tag","embeddable":true,"href":"https:\/\/talaverayartesanias.com\/index.php\/wp-json\/wp\/v2\/product_tag?post=3672"}],"curies":[{"name":"wp","href":"https:\/\/api.w.org\/{rel}","templated":true}]}}