{"id":3766,"date":"2024-01-09T11:05:59","date_gmt":"2024-01-09T17:05:59","guid":{"rendered":"https:\/\/talaverayartesanias.com\/?post_type=product&#038;p=3766"},"modified":"2024-02-04T14:24:45","modified_gmt":"2024-02-04T20:24:45","slug":"corazon-de-hojalata-023","status":"publish","type":"product","link":"https:\/\/talaverayartesanias.com\/index.php\/producto\/corazon-de-hojalata-023\/","title":{"rendered":"Corazon De Hojalata \u2013 023"},"content":{"rendered":"<p>Los corazones de Hojalata, son una artesan\u00eda t\u00edpica de San Miguel De Allende, Guanajuato, que tiene su origen en la \u00e9poca colonial. Comunmente llamados \u00abmilagros\u00bb, cuya iconograf\u00eda que consiste en un coraz\u00f3n, en principio sangrante, que puede ser representado con muchos motivos de ornato y colores que lo enriquecen<\/p>\n<p>Los corazones de hojalata suelen tener un acabado en varias capas. Este acabado le otorga una tridimensionalidad espectacular a la pieza. En cuanto a colores, los corazones de hojalata de San Miguel de Allende suelen tener una mayor variedad de colores que los de Oaxaca, adem\u00e1s de presentar distintos acabados como dorados, envejecidos y colores pastel.<\/p>\n","protected":false},"excerpt":{"rendered":"<p>Corazon De Hojalata 023<\/p>\n<p>Articulo Decorativo Para Pared<\/p>\n<p>Las Alas Se Pueden Retirar Y Volver A Poner<\/p>\n<p>\u201cMilagritos\u201d<\/p>\n<p>Medidas:<\/p>\n<p>Alto 28 Centimetros \u2013 11.02 Pulgadas<\/p>\n<p>Largo 67 Centimetros \u2013 26.37 Pulgadas<\/p>\n<p>Ancho 5 Centimetros \u2013 1.96 Pulgadas<\/p>\n<p>Unica Pieza<\/p>\n<p>Elaborado Y Pintado A Mano<\/p>\n","protected":false},"featured_media":3767,"comment_status":"open","ping_status":"closed","template":"","meta":{"site-sidebar-layout":"default","site-content-layout":"default","ast-site-content-layout":"default","site-content-style":"default","site-sidebar-style":"default","ast-global-header-display":"","ast-banner-title-visibility":"","ast-main-header-display":"","ast-hfb-above-header-display":"","ast-hfb-below-header-display":"","ast-hfb-mobile-header-display":"","site-post-title":"","ast-breadcrumbs-content":"","ast-featured-img":"","footer-sml-layout":"","theme-transparent-header-meta":"default","adv-header-id-meta":"","stick-header-meta":"","header-above-stick-meta":"","header-main-stick-meta":"","header-below-stick-meta":"","astra-migrate-meta-layouts":"default","ast-page-background-enabled":"default","ast-page-background-meta":{"desktop":{"background-color":"var(--ast-global-color-4)","background-image":"","background-repeat":"repeat","background-position":"center center","background-size":"auto","background-attachment":"scroll","background-type":"","background-media":"","overlay-type":"","overlay-color":"","overlay-opacity":"","overlay-gradient":""},"tablet":{"background-color":"","background-image":"","background-repeat":"repeat","background-position":"center center","background-size":"auto","background-attachment":"scroll","background-type":"","background-media":"","overlay-type":"","overlay-color":"","overlay-opacity":"","overlay-gradient":""},"mobile":{"background-color":"","background-image":"","background-repeat":"repeat","background-position":"center center","background-size":"auto","background-attachment":"scroll","background-type":"","background-media":"","overlay-type":"","overlay-color":"","overlay-opacity":"","overlay-gradient":""}},"ast-content-background-meta":{"desktop":{"background-color":"var(--ast-global-color-5)","background-image":"","background-repeat":"repeat","background-position":"center center","background-size":"auto","background-attachment":"scroll","background-type":"","background-media":"","overlay-type":"","overlay-color":"","overlay-opacity":"","overlay-gradient":""},"tablet":{"background-color":"var(--ast-global-color-5)","background-image":"","background-repeat":"repeat","background-position":"center center","background-size":"auto","background-attachment":"scroll","background-type":"","background-media":"","overlay-type":"","overlay-color":"","overlay-opacity":"","overlay-gradient":""},"mobile":{"background-color":"var(--ast-global-color-5)","background-image":"","background-repeat":"repeat","background-position":"center center","background-size":"auto","background-attachment":"scroll","background-type":"","background-media":"","overlay-type":"","overlay-color":"","overlay-opacity":"","overlay-gradient":""}},"_joinchat":[]},"product_brand":[],"product_cat":[83],"product_tag":[],"class_list":{"0":"post-3766","1":"product","2":"type-product","3":"status-publish","4":"has-post-thumbnail","6":"product_cat-corazon-hojalata","7":"desktop-align-left","8":"tablet-align-left","9":"mobile-align-left","11":"first","12":"outofstock","13":"shipping-taxable","14":"purchasable","15":"product-type-simple"},"jetpack_sharing_enabled":true,"_links":{"self":[{"href":"https:\/\/talaverayartesanias.com\/index.php\/wp-json\/wp\/v2\/product\/3766","targetHints":{"allow":["GET"]}}],"collection":[{"href":"https:\/\/talaverayartesanias.com\/index.php\/wp-json\/wp\/v2\/product"}],"about":[{"href":"https:\/\/talaverayartesanias.com\/index.php\/wp-json\/wp\/v2\/types\/product"}],"replies":[{"embeddable":true,"href":"https:\/\/talaverayartesanias.com\/index.php\/wp-json\/wp\/v2\/comments?post=3766"}],"version-history":[{"count":0,"href":"https:\/\/talaverayartesanias.com\/index.php\/wp-json\/wp\/v2\/product\/3766\/revisions"}],"wp:featuredmedia":[{"embeddable":true,"href":"https:\/\/talaverayartesanias.com\/index.php\/wp-json\/wp\/v2\/media\/3767"}],"wp:attachment":[{"href":"https:\/\/talaverayartesanias.com\/index.php\/wp-json\/wp\/v2\/media?parent=3766"}],"wp:term":[{"taxonomy":"product_brand","embeddable":true,"href":"https:\/\/talaverayartesanias.com\/index.php\/wp-json\/wp\/v2\/product_brand?post=3766"},{"taxonomy":"product_cat","embeddable":true,"href":"https:\/\/talaverayartesanias.com\/index.php\/wp-json\/wp\/v2\/product_cat?post=3766"},{"taxonomy":"product_tag","embeddable":true,"href":"https:\/\/talaverayartesanias.com\/index.php\/wp-json\/wp\/v2\/product_tag?post=3766"}],"curies":[{"name":"wp","href":"https:\/\/api.w.org\/{rel}","templated":true}]}}