{"id":5399,"date":"2024-02-05T22:46:44","date_gmt":"2024-02-06T04:46:44","guid":{"rendered":"https:\/\/talaverayartesanias.com\/?post_type=product&#038;p=5399"},"modified":"2024-02-26T21:09:50","modified_gmt":"2024-02-27T03:09:50","slug":"alhajeros-de-recuerdo-para-tu-evento","status":"publish","type":"product","link":"https:\/\/talaverayartesanias.com\/index.php\/producto\/alhajeros-de-recuerdo-para-tu-evento\/","title":{"rendered":"Alhajeros De Recuerdo Para Tu Evento"},"content":{"rendered":"<div class=\"woocommerce-tabs wc-tabs-wrapper\">\n<div id=\"tab-description\" class=\"woocommerce-Tabs-panel woocommerce-Tabs-panel--description panel entry-content wc-tab\" role=\"tabpanel\" aria-labelledby=\"tab-title-description\">\n<p>Son piezas elaboradas por diferentes artesanos, ninguna pieza es igual a otra, puede haber variaciones en colores y decorados.<\/p>\n<\/div>\n<\/div>\n","protected":false},"excerpt":{"rendered":"<p>Alhajeros Tapa Plana $130 pesos mexicanos cada 1:<\/p>\n<p>-Alto 5 Centimetros,\u00a0-Diametro 8 Centimetros<\/p>\n<p>*Personalizado 1 linea $20 pesos extra al costo de el tequilero. (hasta 8 caracteres): Por ejemplo \u201cfecha de evento, nombre de festejada(o), iniciales de novios.<\/p>\n<p>*Personalizado 2 lineas $35 pesos extra al costo de el tequilero.(hasta 16 caracteres):\u00a0Por ejemplo \u201d nombre de festejada(o) y fecha de evento, iniciales de novios y fecha de evento.<\/p>\n<p>Se Pueden elaborar en diferentes colores.<\/p>\n<p>Para concretar el pedido por favor iniciar un chat en whats app mediante el sitio web o al numero +52 2221103493. Tenemos un amplio surtido de productos para tu evento.<\/p>\n<p>Elaboraci\u00f3n de 30 a 35 d\u00edas h\u00e1biles (consultar al vendedor)<\/p>\n<p>Elaborados Y Decorados A Mano<\/p>\n<p>&nbsp;<\/p>\n","protected":false},"featured_media":5400,"comment_status":"open","ping_status":"closed","template":"","meta":{"site-sidebar-layout":"default","site-content-layout":"default","ast-site-content-layout":"default","site-content-style":"default","site-sidebar-style":"default","ast-global-header-display":"","ast-banner-title-visibility":"","ast-main-header-display":"","ast-hfb-above-header-display":"","ast-hfb-below-header-display":"","ast-hfb-mobile-header-display":"","site-post-title":"","ast-breadcrumbs-content":"","ast-featured-img":"","footer-sml-layout":"","theme-transparent-header-meta":"default","adv-header-id-meta":"","stick-header-meta":"","header-above-stick-meta":"","header-main-stick-meta":"","header-below-stick-meta":"","astra-migrate-meta-layouts":"default","ast-page-background-enabled":"default","ast-page-background-meta":{"desktop":{"background-color":"var(--ast-global-color-4)","background-image":"","background-repeat":"repeat","background-position":"center center","background-size":"auto","background-attachment":"scroll","background-type":"","background-media":"","overlay-type":"","overlay-color":"","overlay-opacity":"","overlay-gradient":""},"tablet":{"background-color":"","background-image":"","background-repeat":"repeat","background-position":"center center","background-size":"auto","background-attachment":"scroll","background-type":"","background-media":"","overlay-type":"","overlay-color":"","overlay-opacity":"","overlay-gradient":""},"mobile":{"background-color":"","background-image":"","background-repeat":"repeat","background-position":"center center","background-size":"auto","background-attachment":"scroll","background-type":"","background-media":"","overlay-type":"","overlay-color":"","overlay-opacity":"","overlay-gradient":""}},"ast-content-background-meta":{"desktop":{"background-color":"var(--ast-global-color-5)","background-image":"","background-repeat":"repeat","background-position":"center center","background-size":"auto","background-attachment":"scroll","background-type":"","background-media":"","overlay-type":"","overlay-color":"","overlay-opacity":"","overlay-gradient":""},"tablet":{"background-color":"var(--ast-global-color-5)","background-image":"","background-repeat":"repeat","background-position":"center center","background-size":"auto","background-attachment":"scroll","background-type":"","background-media":"","overlay-type":"","overlay-color":"","overlay-opacity":"","overlay-gradient":""},"mobile":{"background-color":"var(--ast-global-color-5)","background-image":"","background-repeat":"repeat","background-position":"center center","background-size":"auto","background-attachment":"scroll","background-type":"","background-media":"","overlay-type":"","overlay-color":"","overlay-opacity":"","overlay-gradient":""}},"_joinchat":[]},"product_brand":[],"product_cat":[104],"product_tag":[],"class_list":{"0":"post-5399","1":"product","2":"type-product","3":"status-publish","4":"has-post-thumbnail","6":"product_cat-recuerdos-para-tu-evento","7":"desktop-align-left","8":"tablet-align-left","9":"mobile-align-left","11":"first","12":"instock","13":"shipping-taxable","14":"product-type-simple"},"jetpack_sharing_enabled":true,"_links":{"self":[{"href":"https:\/\/talaverayartesanias.com\/index.php\/wp-json\/wp\/v2\/product\/5399","targetHints":{"allow":["GET"]}}],"collection":[{"href":"https:\/\/talaverayartesanias.com\/index.php\/wp-json\/wp\/v2\/product"}],"about":[{"href":"https:\/\/talaverayartesanias.com\/index.php\/wp-json\/wp\/v2\/types\/product"}],"replies":[{"embeddable":true,"href":"https:\/\/talaverayartesanias.com\/index.php\/wp-json\/wp\/v2\/comments?post=5399"}],"version-history":[{"count":0,"href":"https:\/\/talaverayartesanias.com\/index.php\/wp-json\/wp\/v2\/product\/5399\/revisions"}],"wp:featuredmedia":[{"embeddable":true,"href":"https:\/\/talaverayartesanias.com\/index.php\/wp-json\/wp\/v2\/media\/5400"}],"wp:attachment":[{"href":"https:\/\/talaverayartesanias.com\/index.php\/wp-json\/wp\/v2\/media?parent=5399"}],"wp:term":[{"taxonomy":"product_brand","embeddable":true,"href":"https:\/\/talaverayartesanias.com\/index.php\/wp-json\/wp\/v2\/product_brand?post=5399"},{"taxonomy":"product_cat","embeddable":true,"href":"https:\/\/talaverayartesanias.com\/index.php\/wp-json\/wp\/v2\/product_cat?post=5399"},{"taxonomy":"product_tag","embeddable":true,"href":"https:\/\/talaverayartesanias.com\/index.php\/wp-json\/wp\/v2\/product_tag?post=5399"}],"curies":[{"name":"wp","href":"https:\/\/api.w.org\/{rel}","templated":true}]}}