{"id":7046,"date":"2024-09-05T15:51:06","date_gmt":"2024-09-05T21:51:06","guid":{"rendered":"https:\/\/talaverayartesanias.com\/?post_type=product&#038;p=7046"},"modified":"2024-09-16T23:27:33","modified_gmt":"2024-09-17T05:27:33","slug":"set-alhajero-tapa-plana-fondo-tradicional-con-rosa-mik-personalizado","status":"publish","type":"product","link":"https:\/\/talaverayartesanias.com\/index.php\/producto\/set-alhajero-tapa-plana-fondo-tradicional-con-rosa-mik-personalizado\/","title":{"rendered":"Set Alhajero Tapa Plana Fondo Rosa Con Blanco Mik Con Nombre"},"content":{"rendered":"<div class=\"woocommerce-tabs wc-tabs-wrapper\">\n<div id=\"tab-description\" class=\"woocommerce-Tabs-panel woocommerce-Tabs-panel--description panel entry-content wc-tab\" role=\"tabpanel\" aria-labelledby=\"tab-title-description\">\n<p>Son piezas elaboradas por diferentes artesanos, ninguna pieza es igual a otra, puede haber variaciones en colores y decorados.<\/p>\n<\/div>\n<\/div>\n","protected":false},"excerpt":{"rendered":"<p>Medidas<\/p>\n<p>-Alto 5 Centimetros<\/p>\n<p>-Diametro 8 Centimetros<\/p>\n<p><strong>Podemos personalizar el TEXTO (LIMITE\u00a0 16 CARACTERES COLOR UNICO ROSA<\/strong>)<strong>\u00a0<\/strong><\/p>\n<p><strong><em>Menciona INSTRUCCIONES ESPECIALES PARA EL VENDEDOR con EL TEXTO DE TU PREFERENCIA. SI EXCEDES EL NUMERO DE CARACTERES SE TE CONTACTARA PARA REALIZAR EL COBRO POR EL COSTO DEL EXCEDENTE.<\/em><\/strong><\/p>\n<p><strong>El proceso natural de elaboration de nuestros productos es de 30-35 d\u00edas h\u00e1biles.\u00a0<\/strong><strong>Puede ser que los tengamos listos antes de este tiempo referido.\u00a0<\/strong><strong>Si tienes dudas\u00a0Ponte en Contacto Via Whats App: 2221103493 o en nuestras redes sociales.<\/strong><\/p>\n<p>Elaborado Y Decorado A Mano<\/p>\n<p>Recomendado Para:<\/p>\n<p>Bodas, Bautizo, 3 A\u00f1os, Comuni\u00f3n, Confirmaci\u00f3n, XV A\u00f1os.<\/p>\n","protected":false},"featured_media":7058,"comment_status":"open","ping_status":"closed","template":"","meta":{"site-sidebar-layout":"default","site-content-layout":"default","ast-site-content-layout":"default","site-content-style":"default","site-sidebar-style":"default","ast-global-header-display":"","ast-banner-title-visibility":"","ast-main-header-display":"","ast-hfb-above-header-display":"","ast-hfb-below-header-display":"","ast-hfb-mobile-header-display":"","site-post-title":"","ast-breadcrumbs-content":"","ast-featured-img":"","footer-sml-layout":"","theme-transparent-header-meta":"default","adv-header-id-meta":"","stick-header-meta":"","header-above-stick-meta":"","header-main-stick-meta":"","header-below-stick-meta":"","astra-migrate-meta-layouts":"default","ast-page-background-enabled":"default","ast-page-background-meta":{"desktop":{"background-color":"var(--ast-global-color-4)","background-image":"","background-repeat":"repeat","background-position":"center center","background-size":"auto","background-attachment":"scroll","background-type":"","background-media":"","overlay-type":"","overlay-color":"","overlay-opacity":"","overlay-gradient":""},"tablet":{"background-color":"","background-image":"","background-repeat":"repeat","background-position":"center center","background-size":"auto","background-attachment":"scroll","background-type":"","background-media":"","overlay-type":"","overlay-color":"","overlay-opacity":"","overlay-gradient":""},"mobile":{"background-color":"","background-image":"","background-repeat":"repeat","background-position":"center center","background-size":"auto","background-attachment":"scroll","background-type":"","background-media":"","overlay-type":"","overlay-color":"","overlay-opacity":"","overlay-gradient":""}},"ast-content-background-meta":{"desktop":{"background-color":"var(--ast-global-color-5)","background-image":"","background-repeat":"repeat","background-position":"center center","background-size":"auto","background-attachment":"scroll","background-type":"","background-media":"","overlay-type":"","overlay-color":"","overlay-opacity":"","overlay-gradient":""},"tablet":{"background-color":"var(--ast-global-color-5)","background-image":"","background-repeat":"repeat","background-position":"center center","background-size":"auto","background-attachment":"scroll","background-type":"","background-media":"","overlay-type":"","overlay-color":"","overlay-opacity":"","overlay-gradient":""},"mobile":{"background-color":"var(--ast-global-color-5)","background-image":"","background-repeat":"repeat","background-position":"center center","background-size":"auto","background-attachment":"scroll","background-type":"","background-media":"","overlay-type":"","overlay-color":"","overlay-opacity":"","overlay-gradient":""}},"_joinchat":[]},"product_brand":[],"product_cat":[104,117],"product_tag":[],"class_list":{"0":"post-7046","1":"product","2":"type-product","3":"status-publish","4":"has-post-thumbnail","6":"product_cat-recuerdos-para-tu-evento","7":"product_cat-recuerdos-personalizados","8":"desktop-align-left","9":"tablet-align-left","10":"mobile-align-left","12":"first","13":"instock","14":"shipping-taxable","15":"purchasable","16":"product-type-variable"},"jetpack_sharing_enabled":true,"_links":{"self":[{"href":"https:\/\/talaverayartesanias.com\/index.php\/wp-json\/wp\/v2\/product\/7046","targetHints":{"allow":["GET"]}}],"collection":[{"href":"https:\/\/talaverayartesanias.com\/index.php\/wp-json\/wp\/v2\/product"}],"about":[{"href":"https:\/\/talaverayartesanias.com\/index.php\/wp-json\/wp\/v2\/types\/product"}],"replies":[{"embeddable":true,"href":"https:\/\/talaverayartesanias.com\/index.php\/wp-json\/wp\/v2\/comments?post=7046"}],"version-history":[{"count":0,"href":"https:\/\/talaverayartesanias.com\/index.php\/wp-json\/wp\/v2\/product\/7046\/revisions"}],"wp:featuredmedia":[{"embeddable":true,"href":"https:\/\/talaverayartesanias.com\/index.php\/wp-json\/wp\/v2\/media\/7058"}],"wp:attachment":[{"href":"https:\/\/talaverayartesanias.com\/index.php\/wp-json\/wp\/v2\/media?parent=7046"}],"wp:term":[{"taxonomy":"product_brand","embeddable":true,"href":"https:\/\/talaverayartesanias.com\/index.php\/wp-json\/wp\/v2\/product_brand?post=7046"},{"taxonomy":"product_cat","embeddable":true,"href":"https:\/\/talaverayartesanias.com\/index.php\/wp-json\/wp\/v2\/product_cat?post=7046"},{"taxonomy":"product_tag","embeddable":true,"href":"https:\/\/talaverayartesanias.com\/index.php\/wp-json\/wp\/v2\/product_tag?post=7046"}],"curies":[{"name":"wp","href":"https:\/\/api.w.org\/{rel}","templated":true}]}}