{"id":8519,"date":"2024-09-16T22:41:54","date_gmt":"2024-09-17T04:41:54","guid":{"rendered":"https:\/\/talaverayartesanias.com\/?post_type=product&#038;p=8519"},"modified":"2024-09-16T22:43:26","modified_gmt":"2024-09-17T04:43:26","slug":"tequileros-fondo-tradicional-con-negro-mik-con-iniciales-y-ano","status":"publish","type":"product","link":"https:\/\/talaverayartesanias.com\/index.php\/producto\/tequileros-fondo-tradicional-con-negro-mik-con-iniciales-y-ano\/","title":{"rendered":"Tequileros Fondo Tradicional Con Negro Mik Con Iniciales Y A\u00f1o"},"content":{"rendered":"<p>Son piezas elaboradas por diferentes artesanos, ninguna pieza es igual a otra, puede haber variaciones en colores y decorados.<\/p>\n","protected":false},"excerpt":{"rendered":"<p>Tequileros: 8 CM de Alto, 4 CM Diametro<\/p>\n<p>Elaborados Y Decorados A Mano<\/p>\n<p><strong>Opci\u00f3n Para Personalizar: (LIMITE DE TEXTO 3 CARACTERES, COLOR DE TEXTO UNICO \u00abNEGRO\u00bb<\/strong>)<strong>\u00a0<\/strong><\/p>\n<p><strong><em>Menciona INSTRUCCIONES ESPECIALES PARA EL VENDEDOR con EL TEXTO DE TU PREFERENCIA. SI EXCEDES EL NUMERO DE CARACTERES SE TE CONTACTARA PARA REALIZAR EL COBRO POR EL COSTO DEL EXCEDENTE.<\/em><\/strong><\/p>\n<p><strong>El proceso natural de elaboracion de nuestros productos es de 30-35 d\u00edas h\u00e1biles.\u00a0<\/strong><strong>Puede ser que los tengamos listos antes de este tiempo referido.\u00a0<\/strong><strong>Si tienes dudas\u00a0Ponte en Contacto Via Whats App: 2221103493 o en nuestras redes sociales.<\/strong><\/p>\n<p>Elaborado Y Decorado A Mano<\/p>\n<p>Recomendado Para:<\/p>\n<p>Bodas, Bautizo, 3 A\u00f1os, Comuni\u00f3n, Confirmaci\u00f3n, XV A\u00f1os.<\/p>\n","protected":false},"featured_media":8531,"comment_status":"open","ping_status":"closed","template":"","meta":{"site-sidebar-layout":"default","site-content-layout":"default","ast-site-content-layout":"default","site-content-style":"default","site-sidebar-style":"default","ast-global-header-display":"","ast-banner-title-visibility":"","ast-main-header-display":"","ast-hfb-above-header-display":"","ast-hfb-below-header-display":"","ast-hfb-mobile-header-display":"","site-post-title":"","ast-breadcrumbs-content":"","ast-featured-img":"","footer-sml-layout":"","theme-transparent-header-meta":"default","adv-header-id-meta":"","stick-header-meta":"","header-above-stick-meta":"","header-main-stick-meta":"","header-below-stick-meta":"","astra-migrate-meta-layouts":"default","ast-page-background-enabled":"default","ast-page-background-meta":{"desktop":{"background-color":"var(--ast-global-color-4)","background-image":"","background-repeat":"repeat","background-position":"center center","background-size":"auto","background-attachment":"scroll","background-type":"","background-media":"","overlay-type":"","overlay-color":"","overlay-opacity":"","overlay-gradient":""},"tablet":{"background-color":"","background-image":"","background-repeat":"repeat","background-position":"center center","background-size":"auto","background-attachment":"scroll","background-type":"","background-media":"","overlay-type":"","overlay-color":"","overlay-opacity":"","overlay-gradient":""},"mobile":{"background-color":"","background-image":"","background-repeat":"repeat","background-position":"center center","background-size":"auto","background-attachment":"scroll","background-type":"","background-media":"","overlay-type":"","overlay-color":"","overlay-opacity":"","overlay-gradient":""}},"ast-content-background-meta":{"desktop":{"background-color":"var(--ast-global-color-5)","background-image":"","background-repeat":"repeat","background-position":"center center","background-size":"auto","background-attachment":"scroll","background-type":"","background-media":"","overlay-type":"","overlay-color":"","overlay-opacity":"","overlay-gradient":""},"tablet":{"background-color":"var(--ast-global-color-5)","background-image":"","background-repeat":"repeat","background-position":"center center","background-size":"auto","background-attachment":"scroll","background-type":"","background-media":"","overlay-type":"","overlay-color":"","overlay-opacity":"","overlay-gradient":""},"mobile":{"background-color":"var(--ast-global-color-5)","background-image":"","background-repeat":"repeat","background-position":"center center","background-size":"auto","background-attachment":"scroll","background-type":"","background-media":"","overlay-type":"","overlay-color":"","overlay-opacity":"","overlay-gradient":""}},"_joinchat":[]},"product_brand":[],"product_cat":[117],"product_tag":[],"class_list":{"0":"post-8519","1":"product","2":"type-product","3":"status-publish","4":"has-post-thumbnail","6":"product_cat-recuerdos-personalizados","7":"desktop-align-left","8":"tablet-align-left","9":"mobile-align-left","11":"first","12":"instock","13":"shipping-taxable","14":"purchasable","15":"product-type-variable"},"jetpack_sharing_enabled":true,"_links":{"self":[{"href":"https:\/\/talaverayartesanias.com\/index.php\/wp-json\/wp\/v2\/product\/8519","targetHints":{"allow":["GET"]}}],"collection":[{"href":"https:\/\/talaverayartesanias.com\/index.php\/wp-json\/wp\/v2\/product"}],"about":[{"href":"https:\/\/talaverayartesanias.com\/index.php\/wp-json\/wp\/v2\/types\/product"}],"replies":[{"embeddable":true,"href":"https:\/\/talaverayartesanias.com\/index.php\/wp-json\/wp\/v2\/comments?post=8519"}],"version-history":[{"count":0,"href":"https:\/\/talaverayartesanias.com\/index.php\/wp-json\/wp\/v2\/product\/8519\/revisions"}],"wp:featuredmedia":[{"embeddable":true,"href":"https:\/\/talaverayartesanias.com\/index.php\/wp-json\/wp\/v2\/media\/8531"}],"wp:attachment":[{"href":"https:\/\/talaverayartesanias.com\/index.php\/wp-json\/wp\/v2\/media?parent=8519"}],"wp:term":[{"taxonomy":"product_brand","embeddable":true,"href":"https:\/\/talaverayartesanias.com\/index.php\/wp-json\/wp\/v2\/product_brand?post=8519"},{"taxonomy":"product_cat","embeddable":true,"href":"https:\/\/talaverayartesanias.com\/index.php\/wp-json\/wp\/v2\/product_cat?post=8519"},{"taxonomy":"product_tag","embeddable":true,"href":"https:\/\/talaverayartesanias.com\/index.php\/wp-json\/wp\/v2\/product_tag?post=8519"}],"curies":[{"name":"wp","href":"https:\/\/api.w.org\/{rel}","templated":true}]}}